{"id":316,"date":"2022-12-10T10:48:06","date_gmt":"2022-12-10T08:48:06","guid":{"rendered":"https:\/\/fishingtrips.ee\/kinkekaardid\/"},"modified":"2024-11-29T10:44:29","modified_gmt":"2024-11-29T08:44:29","slug":"gift-cards","status":"publish","type":"page","link":"https:\/\/fishingtrips.ee\/en\/gift-cards\/","title":{"rendered":"Gift cards"},"content":{"rendered":"\n<div class=\"row\"  id=\"row-769951558\">\n\n\n\t<div id=\"col-1483710342\" class=\"col medium-6 small-12 large-6\"  >\n\t\t\t\t<div class=\"col-inner\"  >\n\t\t\t\n\t\t\t\n\n<p>There are three gift cards in different price classes and with different levels of excitement.<\/p>\n<h3><strong>111.- The first and most advantageous is mormyshka fishing or summer angling.<\/strong>\u00a0<\/h3>\n<p>The duration of the fishing day is 6 hours. Under the guidance of the fish guide, smaller target species, such as: roach, ruff, bleak, perch, bream are caught on ice in winter or by angling (with a simple hand line) from the shore of the water body in summer. By applying these fishing methods, the primary success experience can be ensured, especially for children, but they have always provided excitement for adults as well. A particularly meditative activity is spring migratory roach fishing, because then it is possible to catch larger quantities of fish for drying.<\/p>\n<h3><strong>222.- The second gift card includes winter tipup fishing on some larger lakes.<\/strong><\/h3>\n<p>Trapping is a way to catch some particularly big predator. The fishing takes place where the fish is currently biting. The best area for these occasions is Vooremaa, where there are several small lakes rich in fish. During free water, you can take a motorboat on Kuremaa and Saadj\u00e4rv, V\u00f5rtsj\u00e4rv and, of course the Suur-Emaj\u00f5gi, Pede River and their old rivers in the Alam-Pedja nature reserve area. Duration of the fishing day is 8 hours.<\/p>\n<h3><strong>333.- The third gift card is for occasions if you want to make a special impression on the recipient.<\/strong>\u00a0<\/h3>\n<p>In these cases, the motorboat undertakes longer sea voyages to catch sea trout, pike or garfish. The fishing areas are the entire west coast with its archipelago, as well as the archipelagos of Northern Estonia. There are pantries in our seas, where dozens of pike can be pulled into the boat in one hour, and it is not uncommon to see water surface boiling of the garfish while they are spawning The boat also gives access to the most adrenaline-laden flocks of sea trout. Such fishing trips are always remembered and it is not uncommon for them to become traditions. The duration of the fishing day is 8-10 hours.<\/p>\n<h3><strong>The fourth gift card is intended, for example, for those occasions when you want to celebrate your friend&#8217;s birthday with a fishing trip on the water or ice.<\/strong>\u00a0<\/h3>\n<p>In this case, we will arrange fishing, water transport, catering and if desired, a sauna and accommodation. There are no limits to the number of people and we are also flexible in terms of price. For example, we have organized a fishing trip to Pedassaare, which includes a boat trip to the island, sea trout fishing by wading from the shore and hiking around the island, a fish valuation workshop, making a campfire and eating the catch together. The nature of Pedassaare is unique and non-fishermen can come along as well. Everyone will find the soul there, because the island is rich in mushrooms and berries, and there is a variety of beach types, birds and plant species.<\/p>\n\n\n\t\t<\/div>\n\t\t\t\t\t<\/div>\n\n\t\n\n\t<div id=\"col-1397708375\" class=\"col medium-6 small-12 large-6\"  >\n\t\t<div class=\"is-sticky-column\"><div class=\"is-sticky-column__inner\">\t\t<div class=\"col-inner\" style=\"background-color:rgb(238, 238, 238);\" >\n\t\t\t\n\t\t\t\n\n\n\n<h2>Order Gift Card:<\/h2>\n\n<script type=\"text\/javascript\">\n\/* <![CDATA[ *\/\nvar gform;gform||(document.addEventListener(\"gform_main_scripts_loaded\",function(){gform.scriptsLoaded=!0}),document.addEventListener(\"gform\/theme\/scripts_loaded\",function(){gform.themeScriptsLoaded=!0}),window.addEventListener(\"DOMContentLoaded\",function(){gform.domLoaded=!0}),gform={domLoaded:!1,scriptsLoaded:!1,themeScriptsLoaded:!1,isFormEditor:()=>\"function\"==typeof InitializeEditor,callIfLoaded:function(o){return!(!gform.domLoaded||!gform.scriptsLoaded||!gform.themeScriptsLoaded&&!gform.isFormEditor()||(gform.isFormEditor()&&console.warn(\"The use of gform.initializeOnLoaded() is deprecated in the form editor context and will be removed in Gravity Forms 3.1.\"),o(),0))},initializeOnLoaded:function(o){gform.callIfLoaded(o)||(document.addEventListener(\"gform_main_scripts_loaded\",()=>{gform.scriptsLoaded=!0,gform.callIfLoaded(o)}),document.addEventListener(\"gform\/theme\/scripts_loaded\",()=>{gform.themeScriptsLoaded=!0,gform.callIfLoaded(o)}),window.addEventListener(\"DOMContentLoaded\",()=>{gform.domLoaded=!0,gform.callIfLoaded(o)}))},hooks:{action:{},filter:{}},addAction:function(o,r,e,t){gform.addHook(\"action\",o,r,e,t)},addFilter:function(o,r,e,t){gform.addHook(\"filter\",o,r,e,t)},doAction:function(o){gform.doHook(\"action\",o,arguments)},applyFilters:function(o){return gform.doHook(\"filter\",o,arguments)},removeAction:function(o,r){gform.removeHook(\"action\",o,r)},removeFilter:function(o,r,e){gform.removeHook(\"filter\",o,r,e)},addHook:function(o,r,e,t,n){null==gform.hooks[o][r]&&(gform.hooks[o][r]=[]);var d=gform.hooks[o][r];null==n&&(n=r+\"_\"+d.length),gform.hooks[o][r].push({tag:n,callable:e,priority:t=null==t?10:t})},doHook:function(r,o,e){var t;if(e=Array.prototype.slice.call(e,1),null!=gform.hooks[r][o]&&((o=gform.hooks[r][o]).sort(function(o,r){return o.priority-r.priority}),o.forEach(function(o){\"function\"!=typeof(t=o.callable)&&(t=window[t]),\"action\"==r?t.apply(null,e):e[0]=t.apply(null,e)})),\"filter\"==r)return e[0]},removeHook:function(o,r,t,n){var e;null!=gform.hooks[o][r]&&(e=(e=gform.hooks[o][r]).filter(function(o,r,e){return!!(null!=n&&n!=o.tag||null!=t&&t!=o.priority)}),gform.hooks[o][r]=e)}});\n\/* ]]> *\/\n<\/script>\n\n                <div class='gf_browser_gecko gform_wrapper gravity-theme gform-theme--no-framework' data-form-theme='gravity-theme' data-form-index='0' id='gform_wrapper_2' >\n                        <div class='gform_heading'>\n                            <p class='gform_description'><\/p>\n                        <\/div><form method='post' enctype='multipart\/form-data'  id='gform_2'  action='\/en\/wp-json\/wp\/v2\/pages\/316' data-formid='2' novalidate>\n                        <div class='gform-body gform_body'><div id='gform_fields_2' class='gform_fields top_label form_sublabel_below description_below validation_below'><fieldset id=\"field_2_1\" class=\"gfield gfield--type-radio gfield--type-choice gfield--width-third field_sublabel_below gfield--no-description field_description_below field_validation_below gfield_visibility_visible\"  ><legend class='gfield_label gform-field-label' >Amount<\/legend><div class='ginput_container ginput_container_radio'><div class='gfield_radio' id='input_2_1'>\n\t\t\t<div class='gchoice gchoice_2_1_0'>\n\t\t\t\t\t<input class='gfield-choice-input' name='input_1' type='radio' value='111\u20ac'  id='choice_2_1_0' onchange='gformToggleRadioOther( this )'    \/>\n\t\t\t\t\t<label for='choice_2_1_0' id='label_2_1_0' class='gform-field-label gform-field-label--type-inline'>111\u20ac<\/label>\n\t\t\t<\/div>\n\t\t\t<div class='gchoice gchoice_2_1_1'>\n\t\t\t\t\t<input class='gfield-choice-input' name='input_1' type='radio' value='222\u20ac'  id='choice_2_1_1' onchange='gformToggleRadioOther( this )'    \/>\n\t\t\t\t\t<label for='choice_2_1_1' id='label_2_1_1' class='gform-field-label gform-field-label--type-inline'>222\u20ac<\/label>\n\t\t\t<\/div>\n\t\t\t<div class='gchoice gchoice_2_1_2'>\n\t\t\t\t\t<input class='gfield-choice-input' name='input_1' type='radio' value='333\u20ac'  id='choice_2_1_2' onchange='gformToggleRadioOther( this )'    \/>\n\t\t\t\t\t<label for='choice_2_1_2' id='label_2_1_2' class='gform-field-label gform-field-label--type-inline'>333\u20ac<\/label>\n\t\t\t<\/div>\n\t\t\t<div class='gchoice gchoice_2_1_3'>\n\t\t\t\t\t<input class='gfield-choice-input' name='input_1' type='radio' value='Neljas'  id='choice_2_1_3' onchange='gformToggleRadioOther( this )'    \/>\n\t\t\t\t\t<label for='choice_2_1_3' id='label_2_1_3' class='gform-field-label gform-field-label--type-inline'>Fourth<\/label>\n\t\t\t<\/div><\/div><\/div><\/fieldset><div id=\"field_2_3\" class=\"gfield gfield--type-text gfield--width-two-thirds field_sublabel_below gfield--no-description field_description_below field_validation_below gfield_visibility_visible\"  ><label class='gfield_label gform-field-label' for='input_2_3'>When would you like to go fishing?\n<\/label><div class='ginput_container ginput_container_text'><input name='input_3' id='input_2_3' type='text' value='' class='large'      aria-invalid=\"false\"   \/><\/div><\/div><div id=\"field_2_4\" class=\"gfield gfield--type-text gfield--width-full field_sublabel_below gfield--no-description field_description_below field_validation_below gfield_visibility_visible\"  ><label class='gfield_label gform-field-label' for='input_2_4'>What is the name, age, sex of the fisherman (for the choice of equipment)?\n<\/label><div class='ginput_container ginput_container_text'><input name='input_4' id='input_2_4' type='text' value='' class='large'      aria-invalid=\"false\"   \/><\/div><\/div><div id=\"field_2_5\" class=\"gfield gfield--type-email gfield--width-full field_sublabel_below gfield--no-description field_description_below field_validation_below gfield_visibility_visible\"  ><label class='gfield_label gform-field-label' for='input_2_5'>Orderer&#039;s e-mail*<\/label><div class='ginput_container ginput_container_email'>\n                            <input name='input_5' id='input_2_5' type='email' value='' class='large'     aria-invalid=\"false\"  \/>\n                        <\/div><\/div><\/div><\/div>\n        <div class='gform-footer gform_footer top_label'> <input type='submit' id='gform_submit_button_2' class='gform_button button' onclick='gform.submission.handleButtonClick(this);' data-submission-type='submit' value='Send'  \/> \n            <input type='hidden' class='gform_hidden' name='gform_submission_method' data-js='gform_submission_method_2' value='postback' \/>\n            <input type='hidden' class='gform_hidden' name='gform_theme' data-js='gform_theme_2' id='gform_theme_2' value='gravity-theme' \/>\n            <input type='hidden' class='gform_hidden' name='gform_style_settings' data-js='gform_style_settings_2' id='gform_style_settings_2' value='[]' \/>\n            <input type='hidden' class='gform_hidden' name='is_submit_2' value='1' \/>\n            <input type='hidden' class='gform_hidden' name='gform_submit' value='2' \/>\n            \n            <input type='hidden' class='gform_hidden' name='gform_unique_id' value='' \/>\n            <input type='hidden' class='gform_hidden' name='state_2' value='WyJ7XCIxXCI6W1wiMGI1OTY4NDc4MTVkZTIyZWE4NDFjYWI1Mjg4MGRlNTdcIixcIjZjMjVkY2ZjMGI4ODUzNzg5YjQyYTE5ODlkODZjNzM5XCIsXCJlZmU0NTlhZGU3NTdjMzFlYTFkNWZmZWExY2YwMDYxNVwiLFwiOTQ1MDQwYTliYzA5YTQwY2RjMmRiYzY2ZTkwZDFhZjdcIl19IiwiOTQ2NTE4OTNlYjVjNTBiM2ZjN2YyYWViNzk3NGYzNDAiXQ==' \/>\n            <input type='hidden' autocomplete='off' class='gform_hidden' name='gform_target_page_number_2' id='gform_target_page_number_2' value='0' \/>\n            <input type='hidden' autocomplete='off' class='gform_hidden' name='gform_source_page_number_2' id='gform_source_page_number_2' value='1' \/>\n            <input type='hidden' name='gform_field_values' value='' \/>\n            \n        <\/div>\n                        <\/form>\n                        <\/div><script type=\"text\/javascript\">\n\/* <![CDATA[ *\/\n gform.initializeOnLoaded( function() {gformInitSpinner( 2, 'https:\/\/fishingtrips.ee\/wp-content\/plugins\/gravityforms\/images\/spinner.svg', true );jQuery('#gform_ajax_frame_2').on('load',function(){var contents = jQuery(this).contents().find('*').html();var is_postback = contents.indexOf('GF_AJAX_POSTBACK') >= 0;if(!is_postback){return;}var form_content = jQuery(this).contents().find('#gform_wrapper_2');var is_confirmation = jQuery(this).contents().find('#gform_confirmation_wrapper_2').length > 0;var is_redirect = contents.indexOf('gformRedirect(){') >= 0;var is_form = form_content.length > 0 && ! is_redirect && ! is_confirmation;var mt = parseInt(jQuery('html').css('margin-top'), 10) + parseInt(jQuery('body').css('margin-top'), 10) + 100;if(is_form){jQuery('#gform_wrapper_2').html(form_content.html());if(form_content.hasClass('gform_validation_error')){jQuery('#gform_wrapper_2').addClass('gform_validation_error');} else {jQuery('#gform_wrapper_2').removeClass('gform_validation_error');}setTimeout( function() { \/* delay the scroll by 50 milliseconds to fix a bug in chrome *\/  }, 50 );if(window['gformInitDatepicker']) {gformInitDatepicker();}if(window['gformInitPriceFields']) {gformInitPriceFields();}var current_page = jQuery('#gform_source_page_number_2').val();gformInitSpinner( 2, 'https:\/\/fishingtrips.ee\/wp-content\/plugins\/gravityforms\/images\/spinner.svg', true );jQuery(document).trigger('gform_page_loaded', [2, current_page]);window['gf_submitting_2'] = false;}else if(!is_redirect){var confirmation_content = jQuery(this).contents().find('.GF_AJAX_POSTBACK').html();if(!confirmation_content){confirmation_content = contents;}jQuery('#gform_wrapper_2').replaceWith(confirmation_content);jQuery(document).trigger('gform_confirmation_loaded', [2]);window['gf_submitting_2'] = false;wp.a11y.speak(jQuery('#gform_confirmation_message_2').text());}else{jQuery('#gform_2').append(contents);if(window['gformRedirect']) {gformRedirect();}}jQuery(document).trigger(\"gform_pre_post_render\", [{ formId: \"2\", currentPage: \"current_page\", abort: function() { this.preventDefault(); } }]);        if (event && event.defaultPrevented) {                return;        }        const gformWrapperDiv = document.getElementById( \"gform_wrapper_2\" );        if ( gformWrapperDiv ) {            const visibilitySpan = document.createElement( \"span\" );            visibilitySpan.id = \"gform_visibility_test_2\";            gformWrapperDiv.insertAdjacentElement( \"afterend\", visibilitySpan );        }        const visibilityTestDiv = document.getElementById( \"gform_visibility_test_2\" );        let postRenderFired = false;        function triggerPostRender() {            if ( postRenderFired ) {                return;            }            postRenderFired = true;            gform.core.triggerPostRenderEvents( 2, current_page );            if ( visibilityTestDiv ) {                visibilityTestDiv.parentNode.removeChild( visibilityTestDiv );            }        }        function debounce( func, wait, immediate ) {            var timeout;            return function() {                var context = this, args = arguments;                var later = function() {                    timeout = null;                    if ( !immediate ) func.apply( context, args );                };                var callNow = immediate && !timeout;                clearTimeout( timeout );                timeout = setTimeout( later, wait );                if ( callNow ) func.apply( context, args );            };        }        const debouncedTriggerPostRender = debounce( function() {            triggerPostRender();        }, 200 );        if ( visibilityTestDiv && visibilityTestDiv.offsetParent === null ) {            const observer = new MutationObserver( ( mutations ) => {                mutations.forEach( ( mutation ) => {                    if ( mutation.type === 'attributes' && visibilityTestDiv.offsetParent !== null ) {                        debouncedTriggerPostRender();                        observer.disconnect();                    }                });            });            observer.observe( document.body, {                attributes: true,                childList: false,                subtree: true,                attributeFilter: [ 'style', 'class' ],            });        } else {            triggerPostRender();        }    } );} ); \n\/* ]]> *\/\n<\/script>\n\n\n\n\t\t<\/div>\n\t\t<\/div><\/div>\t\t\n<style>\n#col-1397708375 > .is-sticky-column > .is-sticky-column__inner > .col-inner {\n  padding: 25px 25px 25px 25px;\n}\n<\/style>\n\t<\/div>\n\n\t\n\n<\/div>\n\n","protected":false},"excerpt":{"rendered":"","protected":false},"author":1,"featured_media":0,"parent":0,"menu_order":0,"comment_status":"closed","ping_status":"closed","template":"","meta":{"footnotes":""},"class_list":["post-316","page","type-page","status-publish","hentry"],"_links":{"self":[{"href":"https:\/\/fishingtrips.ee\/en\/wp-json\/wp\/v2\/pages\/316","targetHints":{"allow":["GET"]}}],"collection":[{"href":"https:\/\/fishingtrips.ee\/en\/wp-json\/wp\/v2\/pages"}],"about":[{"href":"https:\/\/fishingtrips.ee\/en\/wp-json\/wp\/v2\/types\/page"}],"author":[{"embeddable":true,"href":"https:\/\/fishingtrips.ee\/en\/wp-json\/wp\/v2\/users\/1"}],"replies":[{"embeddable":true,"href":"https:\/\/fishingtrips.ee\/en\/wp-json\/wp\/v2\/comments?post=316"}],"version-history":[{"count":8,"href":"https:\/\/fishingtrips.ee\/en\/wp-json\/wp\/v2\/pages\/316\/revisions"}],"predecessor-version":[{"id":486,"href":"https:\/\/fishingtrips.ee\/en\/wp-json\/wp\/v2\/pages\/316\/revisions\/486"}],"wp:attachment":[{"href":"https:\/\/fishingtrips.ee\/en\/wp-json\/wp\/v2\/media?parent=316"}],"curies":[{"name":"wp","href":"https:\/\/api.w.org\/{rel}","templated":true}]}}