{"id":330,"date":"2022-12-10T10:33:07","date_gmt":"2022-12-10T08:33:07","guid":{"rendered":"https:\/\/fishingtrips.ee\/services\/paadipuuk\/"},"modified":"2023-10-04T08:38:06","modified_gmt":"2023-10-04T06:38:06","slug":"boat-fishing","status":"publish","type":"page","link":"https:\/\/fishingtrips.ee\/en\/services\/boat-fishing\/","title":{"rendered":"Boat Fishing"},"content":{"rendered":"\n<div class=\"row\"  id=\"row-1291571548\">\n\n\n\t<div id=\"col-304514095\" class=\"col medium-6 small-12 large-6\"  >\n\t\t\t\t<div class=\"col-inner\"  >\n\t\t\t\n\t\t\t\n\n<p>The boat gives more freedom on water and fortunately we have a lot of it. Therefore, we do not impose any restrictions. If you want to visit a small island, please, Lake V\u00f5rtsj\u00e4rv, Lake Peipsi, Lake Saadj\u00e4rv or the Suur- Emaj\u00f5gi river. Each body of water has its own specific periods and speciec when they give the fish out. For example in December\/ April we visit sea to fish the sea trout in Northern Estonia, but mid-May is a good time to catch pike on small lakes and lake V\u00f5rtsj\u00e4rv. The end of May is calling again to the sea, then it&#8217;s garfish time. In the middle of summer we will fish walleye on the Suur-Emaj\u00f5gi river, in August a perch flock will start to gather on Lake Peipsi.<\/p>\n<p>While you fish on the water alone, you may also like it as a team building event?<\/p>\n\n\t\t<\/div>\n\t\t\t\t\t<\/div>\n\n\t\n\n\t<div id=\"col-541380445\" class=\"col medium-6 small-12 large-6\"  >\n\t\t\t\t<div class=\"col-inner\"  >\n\t\t\t\n\t\t\t\n\n<div class=\"video video-fit mb\" style=\"padding-top:56.25%;\"><iframe loading=\"lazy\" title=\"Fishing in Tallinn in Estonia fishingtrips.ee with Jarko Jaadla\" width=\"1020\" height=\"574\" src=\"https:\/\/www.youtube.com\/embed\/1hm8EBYmqGE?feature=oembed\" frameborder=\"0\" allow=\"accelerometer; autoplay; clipboard-write; encrypted-media; gyroscope; picture-in-picture\" allowfullscreen><\/iframe><\/div>\n\n\n\t\t<\/div>\n\t\t\t\t\t<\/div>\n\n\t\n\n\t<div id=\"col-1818249183\" class=\"col small-12 large-12\"  >\n\t\t\t\t<div class=\"col-inner\"  >\n\t\t\t\n\t\t\t\n\n<div class=\"container section-title-container\" ><h3 class=\"section-title section-title-normal\"><b><\/b><span class=\"section-title-main\" >Gallery<\/span><b><\/b><\/h3><\/div>\n\n\n  \n    <div class=\"row large-columns-4 medium-columns-3 small-columns-2 row-xsmall\">\n  <div class=\"gallery-col col\" >\n          <div class=\"col-inner\">\n            <a class=\"image-lightbox lightbox-gallery\" href=\"https:\/\/fishingtrips.ee\/wp-content\/uploads\/2023\/10\/Jarko-Jaadla_Fishingtrips_koha_2023_3.jpeg\" title=\"\">            <div class=\"box has-hover gallery-box box-none\">\n              <div class=\"box-image image-cover\" style=\"padding-top:100%;\">\n                <img loading=\"lazy\" decoding=\"async\" width=\"300\" height=\"300\" src=\"https:\/\/fishingtrips.ee\/wp-content\/uploads\/2023\/10\/Jarko-Jaadla_Fishingtrips_koha_2023_3-300x300.jpeg\" class=\"attachment-medium size-medium\" alt=\"Jarko Jaadla kohap\u00fc\u00fck paadist Fishingtrips.ee\" ids=\"469,295,472,467,300,287,465,298\" style=\"none\" col_spacing=\"xsmall\" image_height=\"100%\" srcset=\"https:\/\/fishingtrips.ee\/wp-content\/uploads\/2023\/10\/Jarko-Jaadla_Fishingtrips_koha_2023_3-300x300.jpeg 300w, https:\/\/fishingtrips.ee\/wp-content\/uploads\/2023\/10\/Jarko-Jaadla_Fishingtrips_koha_2023_3-150x150.jpeg 150w, https:\/\/fishingtrips.ee\/wp-content\/uploads\/2023\/10\/Jarko-Jaadla_Fishingtrips_koha_2023_3-768x765.jpeg 768w, https:\/\/fishingtrips.ee\/wp-content\/uploads\/2023\/10\/Jarko-Jaadla_Fishingtrips_koha_2023_3.jpeg 960w\" sizes=\"auto, (max-width: 300px) 100vw, 300px\" \/>                                                              <\/div>\n              <div class=\"box-text text-left\" >\n                 <p><\/p>\n              <\/div>\n            <\/div>\n            <\/a>          <\/div>\n         <\/div><div class=\"gallery-col col\" >\n          <div class=\"col-inner\">\n            <a class=\"image-lightbox lightbox-gallery\" href=\"https:\/\/fishingtrips.ee\/wp-content\/uploads\/2022\/12\/DSC_7397-1024x685.jpg\" title=\"\">            <div class=\"box has-hover gallery-box box-none\">\n              <div class=\"box-image image-cover\" style=\"padding-top:100%;\">\n                <img loading=\"lazy\" decoding=\"async\" width=\"300\" height=\"201\" src=\"https:\/\/fishingtrips.ee\/wp-content\/uploads\/2022\/12\/DSC_7397-300x201.jpg\" class=\"attachment-medium size-medium\" alt=\"\" ids=\"469,295,472,467,300,287,465,298\" style=\"none\" col_spacing=\"xsmall\" image_height=\"100%\" srcset=\"https:\/\/fishingtrips.ee\/wp-content\/uploads\/2022\/12\/DSC_7397-300x201.jpg 300w, https:\/\/fishingtrips.ee\/wp-content\/uploads\/2022\/12\/DSC_7397-1024x685.jpg 1024w, https:\/\/fishingtrips.ee\/wp-content\/uploads\/2022\/12\/DSC_7397-768x514.jpg 768w, https:\/\/fishingtrips.ee\/wp-content\/uploads\/2022\/12\/DSC_7397-1536x1028.jpg 1536w, https:\/\/fishingtrips.ee\/wp-content\/uploads\/2022\/12\/DSC_7397-2048x1371.jpg 2048w\" sizes=\"auto, (max-width: 300px) 100vw, 300px\" \/>                                                              <\/div>\n              <div class=\"box-text text-left\" >\n                 <p><\/p>\n              <\/div>\n            <\/div>\n            <\/a>          <\/div>\n         <\/div><div class=\"gallery-col col\" >\n          <div class=\"col-inner\">\n            <a class=\"image-lightbox lightbox-gallery\" href=\"https:\/\/fishingtrips.ee\/wp-content\/uploads\/2023\/10\/Jarko-Jaadla_Fishingtrips_meriforell_2023_1.jpeg\" title=\"\">            <div class=\"box has-hover gallery-box box-none\">\n              <div class=\"box-image image-cover\" style=\"padding-top:100%;\">\n                <img loading=\"lazy\" decoding=\"async\" width=\"300\" height=\"225\" src=\"https:\/\/fishingtrips.ee\/wp-content\/uploads\/2023\/10\/Jarko-Jaadla_Fishingtrips_meriforell_2023_1-300x225.jpeg\" class=\"attachment-medium size-medium\" alt=\"Jarko Jaadla meriforelli p\u00fc\u00fck spinninguga ja paadiga - Fishingtrips.ee\" ids=\"469,295,472,467,300,287,465,298\" style=\"none\" col_spacing=\"xsmall\" image_height=\"100%\" srcset=\"https:\/\/fishingtrips.ee\/wp-content\/uploads\/2023\/10\/Jarko-Jaadla_Fishingtrips_meriforell_2023_1-300x225.jpeg 300w, https:\/\/fishingtrips.ee\/wp-content\/uploads\/2023\/10\/Jarko-Jaadla_Fishingtrips_meriforell_2023_1-768x576.jpeg 768w, https:\/\/fishingtrips.ee\/wp-content\/uploads\/2023\/10\/Jarko-Jaadla_Fishingtrips_meriforell_2023_1.jpeg 960w\" sizes=\"auto, (max-width: 300px) 100vw, 300px\" \/>                                                              <\/div>\n              <div class=\"box-text text-left\" >\n                 <p><\/p>\n              <\/div>\n            <\/div>\n            <\/a>          <\/div>\n         <\/div><div class=\"gallery-col col\" >\n          <div class=\"col-inner\">\n            <a class=\"image-lightbox lightbox-gallery\" href=\"https:\/\/fishingtrips.ee\/wp-content\/uploads\/2023\/10\/Jarko-Jaadla_Fishingtrips_koha_2023_2-1024x768.jpeg\" title=\"\">            <div class=\"box has-hover gallery-box box-none\">\n              <div class=\"box-image image-cover\" style=\"padding-top:100%;\">\n                <img loading=\"lazy\" decoding=\"async\" width=\"300\" height=\"225\" src=\"https:\/\/fishingtrips.ee\/wp-content\/uploads\/2023\/10\/Jarko-Jaadla_Fishingtrips_koha_2023_2-300x225.jpeg\" class=\"attachment-medium size-medium\" alt=\"Jarko Jaadla Fishingtrips.ee koha p\u00fc\u00fck paadiga 2023\" ids=\"469,295,472,467,300,287,465,298\" style=\"none\" col_spacing=\"xsmall\" image_height=\"100%\" srcset=\"https:\/\/fishingtrips.ee\/wp-content\/uploads\/2023\/10\/Jarko-Jaadla_Fishingtrips_koha_2023_2-300x225.jpeg 300w, https:\/\/fishingtrips.ee\/wp-content\/uploads\/2023\/10\/Jarko-Jaadla_Fishingtrips_koha_2023_2-1024x768.jpeg 1024w, https:\/\/fishingtrips.ee\/wp-content\/uploads\/2023\/10\/Jarko-Jaadla_Fishingtrips_koha_2023_2-768x576.jpeg 768w, https:\/\/fishingtrips.ee\/wp-content\/uploads\/2023\/10\/Jarko-Jaadla_Fishingtrips_koha_2023_2-1536x1152.jpeg 1536w, https:\/\/fishingtrips.ee\/wp-content\/uploads\/2023\/10\/Jarko-Jaadla_Fishingtrips_koha_2023_2.jpeg 2048w\" sizes=\"auto, (max-width: 300px) 100vw, 300px\" \/>                                                              <\/div>\n              <div class=\"box-text text-left\" >\n                 <p><\/p>\n              <\/div>\n            <\/div>\n            <\/a>          <\/div>\n         <\/div><div class=\"gallery-col col\" >\n          <div class=\"col-inner\">\n            <a class=\"image-lightbox lightbox-gallery\" href=\"https:\/\/fishingtrips.ee\/wp-content\/uploads\/2022\/12\/Kuremaa-jarv-Laiuse-Voore-poolt-vaadatuna.jpg\" title=\"\">            <div class=\"box has-hover gallery-box box-none\">\n              <div class=\"box-image image-cover\" style=\"padding-top:100%;\">\n                <img loading=\"lazy\" decoding=\"async\" width=\"300\" height=\"169\" src=\"https:\/\/fishingtrips.ee\/wp-content\/uploads\/2022\/12\/Kuremaa-jarv-Laiuse-Voore-poolt-vaadatuna-300x169.jpg\" class=\"attachment-medium size-medium\" alt=\"\" ids=\"469,295,472,467,300,287,465,298\" style=\"none\" col_spacing=\"xsmall\" image_height=\"100%\" srcset=\"https:\/\/fishingtrips.ee\/wp-content\/uploads\/2022\/12\/Kuremaa-jarv-Laiuse-Voore-poolt-vaadatuna-300x169.jpg 300w, https:\/\/fishingtrips.ee\/wp-content\/uploads\/2022\/12\/Kuremaa-jarv-Laiuse-Voore-poolt-vaadatuna-768x432.jpg 768w, https:\/\/fishingtrips.ee\/wp-content\/uploads\/2022\/12\/Kuremaa-jarv-Laiuse-Voore-poolt-vaadatuna.jpg 960w\" sizes=\"auto, (max-width: 300px) 100vw, 300px\" \/>                                                              <\/div>\n              <div class=\"box-text text-left\" >\n                 <p><\/p>\n              <\/div>\n            <\/div>\n            <\/a>          <\/div>\n         <\/div><div class=\"gallery-col col\" >\n          <div class=\"col-inner\">\n            <a class=\"image-lightbox lightbox-gallery\" href=\"https:\/\/fishingtrips.ee\/wp-content\/uploads\/2022\/12\/Teambuilding_in_estonia_Meeskonnaga_kalale_1.jpg\" title=\"\">            <div class=\"box has-hover gallery-box box-none\">\n              <div class=\"box-image image-cover\" style=\"padding-top:100%;\">\n                <img loading=\"lazy\" decoding=\"async\" width=\"300\" height=\"169\" src=\"https:\/\/fishingtrips.ee\/wp-content\/uploads\/2022\/12\/Teambuilding_in_estonia_Meeskonnaga_kalale_1-300x169.jpg\" class=\"attachment-medium size-medium\" alt=\"\" ids=\"469,295,472,467,300,287,465,298\" style=\"none\" col_spacing=\"xsmall\" image_height=\"100%\" srcset=\"https:\/\/fishingtrips.ee\/wp-content\/uploads\/2022\/12\/Teambuilding_in_estonia_Meeskonnaga_kalale_1-300x169.jpg 300w, https:\/\/fishingtrips.ee\/wp-content\/uploads\/2022\/12\/Teambuilding_in_estonia_Meeskonnaga_kalale_1-768x432.jpg 768w, https:\/\/fishingtrips.ee\/wp-content\/uploads\/2022\/12\/Teambuilding_in_estonia_Meeskonnaga_kalale_1.jpg 800w\" sizes=\"auto, (max-width: 300px) 100vw, 300px\" \/>                                                              <\/div>\n              <div class=\"box-text text-left\" >\n                 <p><\/p>\n              <\/div>\n            <\/div>\n            <\/a>          <\/div>\n         <\/div><div class=\"gallery-col col\" >\n          <div class=\"col-inner\">\n            <a class=\"image-lightbox lightbox-gallery\" href=\"https:\/\/fishingtrips.ee\/wp-content\/uploads\/2023\/10\/Jarko-Jaadla_Fishingtrips_koha_2023_1-1024x567.jpeg\" title=\"\">            <div class=\"box has-hover gallery-box box-none\">\n              <div class=\"box-image image-cover\" style=\"padding-top:100%;\">\n                <img loading=\"lazy\" decoding=\"async\" width=\"300\" height=\"166\" src=\"https:\/\/fishingtrips.ee\/wp-content\/uploads\/2023\/10\/Jarko-Jaadla_Fishingtrips_koha_2023_1-300x166.jpeg\" class=\"attachment-medium size-medium\" alt=\"Jarko Jaadla Fishingtrips.ee kohap\u00fc\u00fck paadist\" ids=\"469,295,472,467,300,287,465,298\" style=\"none\" col_spacing=\"xsmall\" image_height=\"100%\" srcset=\"https:\/\/fishingtrips.ee\/wp-content\/uploads\/2023\/10\/Jarko-Jaadla_Fishingtrips_koha_2023_1-300x166.jpeg 300w, https:\/\/fishingtrips.ee\/wp-content\/uploads\/2023\/10\/Jarko-Jaadla_Fishingtrips_koha_2023_1-1024x567.jpeg 1024w, https:\/\/fishingtrips.ee\/wp-content\/uploads\/2023\/10\/Jarko-Jaadla_Fishingtrips_koha_2023_1-768x425.jpeg 768w, https:\/\/fishingtrips.ee\/wp-content\/uploads\/2023\/10\/Jarko-Jaadla_Fishingtrips_koha_2023_1-1536x851.jpeg 1536w, https:\/\/fishingtrips.ee\/wp-content\/uploads\/2023\/10\/Jarko-Jaadla_Fishingtrips_koha_2023_1.jpeg 2048w\" sizes=\"auto, (max-width: 300px) 100vw, 300px\" \/>                                                              <\/div>\n              <div class=\"box-text text-left\" >\n                 <p><\/p>\n              <\/div>\n            <\/div>\n            <\/a>          <\/div>\n         <\/div><div class=\"gallery-col col\" >\n          <div class=\"col-inner\">\n            <a class=\"image-lightbox lightbox-gallery\" href=\"https:\/\/fishingtrips.ee\/wp-content\/uploads\/2022\/12\/naised-paadis-1024x577.jpg\" title=\"\">            <div class=\"box has-hover gallery-box box-none\">\n              <div class=\"box-image image-cover\" style=\"padding-top:100%;\">\n                <img loading=\"lazy\" decoding=\"async\" width=\"300\" height=\"169\" src=\"https:\/\/fishingtrips.ee\/wp-content\/uploads\/2022\/12\/naised-paadis-300x169.jpg\" class=\"attachment-medium size-medium\" alt=\"\" ids=\"469,295,472,467,300,287,465,298\" style=\"none\" col_spacing=\"xsmall\" image_height=\"100%\" srcset=\"https:\/\/fishingtrips.ee\/wp-content\/uploads\/2022\/12\/naised-paadis-300x169.jpg 300w, https:\/\/fishingtrips.ee\/wp-content\/uploads\/2022\/12\/naised-paadis-1024x577.jpg 1024w, https:\/\/fishingtrips.ee\/wp-content\/uploads\/2022\/12\/naised-paadis-768x433.jpg 768w, https:\/\/fishingtrips.ee\/wp-content\/uploads\/2022\/12\/naised-paadis-1536x865.jpg 1536w, https:\/\/fishingtrips.ee\/wp-content\/uploads\/2022\/12\/naised-paadis-2048x1154.jpg 2048w\" sizes=\"auto, (max-width: 300px) 100vw, 300px\" \/>                                                              <\/div>\n              <div class=\"box-text text-left\" >\n                 <p><\/p>\n              <\/div>\n            <\/div>\n            <\/a>          <\/div>\n         <\/div><\/div>\n\n\n\t\t<\/div>\n\t\t\t\t\t<\/div>\n\n\t\n\n<\/div>\n\n","protected":false},"excerpt":{"rendered":"","protected":false},"author":1,"featured_media":298,"parent":311,"menu_order":0,"comment_status":"closed","ping_status":"closed","template":"page-blank-sub-nav-vertical.php","meta":{"footnotes":""},"class_list":["post-330","page","type-page","status-publish","has-post-thumbnail","hentry"],"_links":{"self":[{"href":"https:\/\/fishingtrips.ee\/en\/wp-json\/wp\/v2\/pages\/330","targetHints":{"allow":["GET"]}}],"collection":[{"href":"https:\/\/fishingtrips.ee\/en\/wp-json\/wp\/v2\/pages"}],"about":[{"href":"https:\/\/fishingtrips.ee\/en\/wp-json\/wp\/v2\/types\/page"}],"author":[{"embeddable":true,"href":"https:\/\/fishingtrips.ee\/en\/wp-json\/wp\/v2\/users\/1"}],"replies":[{"embeddable":true,"href":"https:\/\/fishingtrips.ee\/en\/wp-json\/wp\/v2\/comments?post=330"}],"version-history":[{"count":3,"href":"https:\/\/fishingtrips.ee\/en\/wp-json\/wp\/v2\/pages\/330\/revisions"}],"predecessor-version":[{"id":474,"href":"https:\/\/fishingtrips.ee\/en\/wp-json\/wp\/v2\/pages\/330\/revisions\/474"}],"up":[{"embeddable":true,"href":"https:\/\/fishingtrips.ee\/en\/wp-json\/wp\/v2\/pages\/311"}],"wp:featuredmedia":[{"embeddable":true,"href":"https:\/\/fishingtrips.ee\/en\/wp-json\/wp\/v2\/media\/298"}],"wp:attachment":[{"href":"https:\/\/fishingtrips.ee\/en\/wp-json\/wp\/v2\/media?parent=330"}],"curies":[{"name":"wp","href":"https:\/\/api.w.org\/{rel}","templated":true}]}}