{"id":380,"date":"2022-12-10T10:46:46","date_gmt":"2022-12-10T10:46:46","guid":{"rendered":"https:\/\/fishingtrips.ee\/services\/meeskonnakoolitused\/"},"modified":"2022-12-24T09:54:35","modified_gmt":"2022-12-24T09:54:35","slug":"team-building-events","status":"publish","type":"page","link":"https:\/\/fishingtrips.ee\/en\/services\/team-building-events\/","title":{"rendered":"Team building events"},"content":{"rendered":"\n<p>Team training consists of different activities. In order to successfully carry out team building, people must first get out of the office.<\/p>\n<p>We offer them pleasant surroundings, delicious food, deliver a message (hold a seminar). Also we offer their partners an experience and take them to fish to consolidate their thoughts. Therefore it is guaranteed that these meetings will always be remembered and fruitful.<\/p>\n<p>The materials of the training day can be discussed on the boat. Trainings are finalized and contracts can be signed on the sauna stage. It&#8217;s just so.<\/p>\n<p><strong>Our biggest partners in accommodation, catering and boat rental are:<\/strong><\/p>\n<p>J\u00f5esuu Tourist Farm www.joesuu.ee is V\u00f5rtsj\u00e4rv, Emaj\u00f5gi with old rivers and Pede River. Accommodates 50 people all year round (65 people in summer)<\/p>\n<p>Udu tourist farm www.udutalu.ee water body Lake Kuremaa and accommodates 50 people (110 people in summer)<\/p>\n<p>Voore Holiday House www.voorepuhkemaja.ee, which accommodates 130 people all year round and the water body is the picturesque and fish-rich Voore Dam Lake<br \/>We offer a great possibility to do ice fishing for 50 persons together!<\/p>\n<p><strong><a href=\"https:\/\/fishingtrips.ee\/en\/contact\/\">Contact us and lets plan the right experience for you!<\/a><\/strong><\/p>\n<div class=\"video video-fit mb\" style=\"padding-top:56.25%;\"><iframe loading=\"lazy\" title=\"SEATROUT FISHING IN ESTONIA\" width=\"1020\" height=\"574\" src=\"https:\/\/www.youtube.com\/embed\/mWS1OI4Hw7g?feature=oembed\" frameborder=\"0\" allow=\"accelerometer; autoplay; clipboard-write; encrypted-media; gyroscope; picture-in-picture\" allowfullscreen><\/iframe><\/div>\n\n\n","protected":false},"excerpt":{"rendered":"","protected":false},"author":1,"featured_media":291,"parent":311,"menu_order":0,"comment_status":"closed","ping_status":"closed","template":"page-blank-sub-nav-vertical.php","meta":{"footnotes":""},"class_list":["post-380","page","type-page","status-publish","has-post-thumbnail","hentry"],"_links":{"self":[{"href":"https:\/\/fishingtrips.ee\/en\/wp-json\/wp\/v2\/pages\/380","targetHints":{"allow":["GET"]}}],"collection":[{"href":"https:\/\/fishingtrips.ee\/en\/wp-json\/wp\/v2\/pages"}],"about":[{"href":"https:\/\/fishingtrips.ee\/en\/wp-json\/wp\/v2\/types\/page"}],"author":[{"embeddable":true,"href":"https:\/\/fishingtrips.ee\/en\/wp-json\/wp\/v2\/users\/1"}],"replies":[{"embeddable":true,"href":"https:\/\/fishingtrips.ee\/en\/wp-json\/wp\/v2\/comments?post=380"}],"version-history":[{"count":6,"href":"https:\/\/fishingtrips.ee\/en\/wp-json\/wp\/v2\/pages\/380\/revisions"}],"predecessor-version":[{"id":419,"href":"https:\/\/fishingtrips.ee\/en\/wp-json\/wp\/v2\/pages\/380\/revisions\/419"}],"up":[{"embeddable":true,"href":"https:\/\/fishingtrips.ee\/en\/wp-json\/wp\/v2\/pages\/311"}],"wp:featuredmedia":[{"embeddable":true,"href":"https:\/\/fishingtrips.ee\/en\/wp-json\/wp\/v2\/media\/291"}],"wp:attachment":[{"href":"https:\/\/fishingtrips.ee\/en\/wp-json\/wp\/v2\/media?parent=380"}],"curies":[{"name":"wp","href":"https:\/\/api.w.org\/{rel}","templated":true}]}}